{"id":2,"date":"2022-09-07T13:48:20","date_gmt":"2022-09-07T11:48:20","guid":{"rendered":"http:\/\/www.evasion-superbesse.fr\/?page_id=2"},"modified":"2026-01-02T13:38:21","modified_gmt":"2026-01-02T12:38:21","slug":"chiens-traineau","status":"publish","type":"page","link":"https:\/\/www.evasion-superbesse.fr\/index.php\/chiens-traineau\/","title":{"rendered":"Chiens de tra\u00eeneau"},"content":{"rendered":"\n<input class=\"YoplanningBookingEngine\" booking-engine-url=\"https:\/\/booking.yoplanning.pro\/66ad738c-c5b7-4a40-b8bb-746215fe0216\/\" style=\" border: 0; border-radius: 3px; -moz-border-radius: 3px; -webkit-border-radius: 3px; box-shadow: 0 1px 3px rgb(0 0 0 \/ 12%), 0 1px 2px rgb(0 0 0 \/ 24%); box-sizing: border-box; -webkit-box-sizing: border-box; cursor: pointer; display: inline-block; font-family:sans-serif; text-align: center; user-select: none; background-color: #f21c3c; color: #fff; font-size: 14px; height: 44px; line-height: 44px; padding: 0px 40px; position: relative; z-index: 0;\" type=\"submit\" value=\"R\u00e9server\" \/> <script type=\"text\/javascript\" src=\"https:\/\/booking.yoplanning.pro\/integration\/script.js\" async><\/script>\n\n\n\n<p><\/p>\n\n\n\n<div class=\"wp-block-media-text alignfull has-media-on-the-right is-stacked-on-mobile is-vertically-aligned-center is-style-default\" id=\"video-chien-traineau\"><div class=\"wp-block-media-text__content\">\n<h2 class=\"wp-block-heading has-text-color\" style=\"color:#000000\"><strong>Vivez votre plus belle aventure<\/strong><\/h2>\n\n\n\n<p class=\"has-text-color\" style=\"color:#636363;font-size:17px;line-height:1.1\">Lors de votre bapt\u00eame en chiens de traineau, vous d\u00e9couvrez notre \u00ab\u00a0Alaska Auvergnat\u00a0\u00bb. Oubliez le tour de man\u00e8ge en centre station, \u00c9vasion Super Besse vous propose une randonn\u00e9e authentique \u00e0 l&rsquo;\u00e9cart de la civilisation. Un lieu magique pour Vous, notre Musher et sa meute.<\/p>\n<\/div><figure class=\"wp-block-media-text__media\"><video controls src=\"https:\/\/www.evasion-superbesse.fr\/wp-content\/uploads\/2022\/09\/Video-CDT-foret-de-Bagny-1.mov\"><\/video><\/figure><\/div>\n\n\n\n<div class=\"wp-block-media-text alignfull is-stacked-on-mobile is-vertically-aligned-center has-neve-text-color-background-color has-background\"><figure class=\"wp-block-media-text__media\"><img loading=\"lazy\" decoding=\"async\" width=\"1024\" height=\"679\" src=\"https:\/\/www.evasion-superbesse.fr\/wp-content\/uploads\/2025\/09\/CDT-2025-1024x679.jpg\" alt=\"\" class=\"wp-image-593 size-full\" srcset=\"https:\/\/www.evasion-superbesse.fr\/wp-content\/uploads\/2025\/09\/CDT-2025-1024x679.jpg 1024w, https:\/\/www.evasion-superbesse.fr\/wp-content\/uploads\/2025\/09\/CDT-2025-300x199.jpg 300w, https:\/\/www.evasion-superbesse.fr\/wp-content\/uploads\/2025\/09\/CDT-2025-768x509.jpg 768w, https:\/\/www.evasion-superbesse.fr\/wp-content\/uploads\/2025\/09\/CDT-2025.jpg 1503w\" sizes=\"auto, (max-width: 1024px) 100vw, 1024px\" \/><\/figure><div class=\"wp-block-media-text__content\">\n<h3 class=\"wp-block-heading has-text-align-center has-nv-site-bg-color has-text-color\">Vous d\u00e9sirez conna\u00eetre d&rsquo;avantage notre Musher et sa meute de chiens de traineau?<\/h3>\n\n\n\n<div class=\"wp-block-buttons is-layout-flex wp-block-buttons-is-layout-flex\">\n<div class=\"wp-block-button aligncenter\"><a class=\"wp-block-button__link wp-element-button\" href=\"https:\/\/www.evasion-superbesse.fr\/index.php\/2021\/11\/02\/les-chiens\/\">En savoir plus<\/a><\/div>\n<\/div>\n<\/div><\/div>\n\n\n\n<p><\/p>\n\n\n\n<input class=\"YoplanningBookingEngine\" booking-engine-url=\"https:\/\/booking.yoplanning.pro\/66ad738c-c5b7-4a40-b8bb-746215fe0216\/\" style=\" border: 0; border-radius: 3px; -moz-border-radius: 3px; -webkit-border-radius: 3px; box-shadow: 0 1px 3px rgb(0 0 0 \/ 12%), 0 1px 2px rgb(0 0 0 \/ 24%); box-sizing: border-box; -webkit-box-sizing: border-box; cursor: pointer; display: inline-block; font-family:sans-serif; text-align: center; user-select: none; background-color: #f21c3c; color: #fff; font-size: 14px; height: 44px; line-height: 44px; padding: 0px 40px; position: relative; z-index: 0;\" type=\"submit\" value=\"R\u00e9server\" \/> <script type=\"text\/javascript\" src=\"https:\/\/booking.yoplanning.pro\/integration\/script.js\" async><\/script><br><\/br>\n\n\n\n<h2 class=\"wp-block-heading\">Informations pratiques<\/h2>\n\n\n\n<p><strong>Quelles sont vos disponibilit\u00e9s pour l\u2019activit\u00e9 chiens de tra\u00eeneau&nbsp;?<\/strong><\/p>\n\n\n\n<p>Sur notre site internet&nbsp;<a href=\"https:\/\/www.evasion-superbesse.fr\/\">www.evasion-superbesse.fr<\/a>&nbsp;dans l\u2019onglet \u00abR\u00e9server \u00bb vous trouverez toutes les dates et horaires disponibles.<\/p>\n\n\n\n<p><strong>Comment r\u00e9server l\u2019activit\u00e9 chiens de tra\u00eeneaux&nbsp;?<\/strong><\/p>\n\n\n\n<p>Les r\u00e9servations se font&nbsp;<strong>uniquement&nbsp;<\/strong>en ligne sur notre site internet&nbsp;<a href=\"https:\/\/www.evasion-superbesse.fr\/\">www.evasion-superbesse.fr<\/a><\/p>\n\n\n\n<p><strong>Combien de personnes par tra\u00eeneau&nbsp;?<\/strong><\/p>\n\n\n\n<p>Le nombre de personnes sur un tra\u00eeneau est fix\u00e9 \u00e0 un poids total de 170kg, pour vous donner un rep\u00e8re, voil\u00e0 les r\u00e9partitions possibles&nbsp;:<\/p>\n\n\n\n<p>1 enfant de moins de -8ans \/ 1 participant et 1 enfant de -8ans \/ 1 participant et 2 enfants de -8ans \/ 1 participant et 3 enfants de -8ans \/ 2 enfants de -8ans \/ 2 participants de&nbsp;+8ans \/ 2 participants et 1 enfant de -8ans \/ 2 participants et 2 enfants de -8ans \/ 3 enfants de -8ans \/ 3 participants de&nbsp;+8ans \/ 4 enfants de -8ans<\/p>\n\n\n\n<p>Lors de la r\u00e9servation, il faudra renseigner le poids total des participants.<\/p>\n\n\n\n<p><strong>Qui ne peux pas faire l&rsquo;activit\u00e9?<\/strong><\/p>\n\n\n\n<p>Les enfants moins de 3 ans, les femmes enceintes ne peuvent pas faire l&rsquo;activit\u00e9<\/p>\n\n\n\n<p><strong>Pouvons nous faire l\u2019activit\u00e9 avec plusieurs tra\u00eeneaux en m\u00eame temps&nbsp;?<\/strong><\/p>\n\n\n\n<p>Sur notre site internet, dans l\u2019onglet \u00ab&nbsp;R\u00e9server un bapt\u00eame&nbsp;\u00bb, une fois que vous s\u00e9lectionnez la date et l\u2019heure, le nombre de tra\u00eeneaux disponibles appara\u00eet automatiquement. Il peut y en avoir 1, 2 ou 3 selon les p\u00e9riodes.<\/p>\n\n\n\n<p><strong>Combien de temps dure le bapt\u00eame&nbsp;?<\/strong><\/p>\n\n\n\n<p>La prestation dure au total 45 minutes en comprenant 30 minutes de glisse et 15 minutes d\u2019accueil, pr\u00e9sentation, temps avec les chiens.<\/p>\n\n\n\n<p><strong>Quel est le prix de l\u2019activit\u00e9 chiens de tra\u00eeneau&nbsp;?<\/strong><\/p>\n\n\n\n<p>Le prix est de 200\u20ac pour 1 Traineau, que vous soyez 1 \u00e0 4 participants, le prix reste identique.<\/p>\n\n\n\n<p><strong>A partir de quel \u00e2ge mes enfants peuvent participer \u00e0 l\u2019activit\u00e9 chiens de tra\u00eeneau&nbsp;?<\/strong><\/p>\n\n\n\n<p>L&rsquo;age minimum requis est de 3 ans<\/p>\n\n\n\n<p><strong>Peut-on venir avec son chien&nbsp;?<\/strong><\/p>\n\n\n\n<p>Pour des raisons de s\u00e9curit\u00e9 et pour le bon d\u00e9roulement de l\u2019activit\u00e9, il n\u2019est pas autoris\u00e9 de venir avec son chien<\/p>\n\n\n\n<p><strong>O\u00f9 se d\u00e9roule l\u2019activit\u00e9 chiens de traineau&nbsp;?<\/strong><\/p>\n\n\n\n<p>La prestation chien de tra\u00eeneau a lieu \u00e0 environ 10 minutes de la station de Super-Besse. Pas d\u2019inqui\u00e9tude, une fois que vous aurez r\u00e9serv\u00e9 en ligne, vous recevrez toutes les indications pour vous y rendre dans votre mail de confirmation. Retrouvez la localisation sur Google Maps :&nbsp;<a href=\"https:\/\/maps.app.goo.gl\/Mc7KpdeB1pFKZy2A7\">https:\/\/www.google.com\/maps\/place\/Bapt%C3%AAme+Chiens+Tra%C3%AEneau+Evasion+Super+Besse\/@45.469658,2.849119,15z\/data=!4m5!3m4!1s0x0:0xeb977f44d6bc63b9!8m2!3d45.469658!4d2.849119<\/a><\/p>\n\n\n\n<p>Attention, une fois arriv\u00e9 au petit parking, sur le chemin \u00e0 gauche du chenil, prendre le chemin sur 300m en suivant le fl\u00e9chage pour vous rendre au point de rendez-vous.<\/p>\n\n\n\n<p><strong>Bon \u00e0 savoir&nbsp;:<\/strong><\/p>\n\n\n\n<p>Pr\u00e9voyez des v\u00eatements chauds (manteau, bonnet, gants, \u00e9charpe\u2026)<\/p>\n\n\n\n<p>Si l\u2019enneigement n\u2019est pas au rendez-vous, l\u2019activit\u00e9 est maintenue sur un kart \u00e0 roues<\/p>\n\n\n\n<p>Soyez bien \u00e0 l\u2019heure&nbsp;: l\u2019heure du rendez-vous est celle du d\u00e9but de la prestation et n\u2019inclut pas le temps de marche<\/p>\n\n\n\n<p><\/p>\n\n\n\n<input class=\"YoplanningBookingEngine\" booking-engine-url=\"https:\/\/booking.yoplanning.pro\/66ad738c-c5b7-4a40-b8bb-746215fe0216\/\" style=\"border: 0;width: 100%;border-radius: 3px;-moz-border-radius: 3px;-webkit-border-radius: 3px;box-shadow: 0 1px 3px rgb(0 0 0 \/ 12%), 0 1px 2px rgb(0 0 0 \/ 24%);box-sizing: border-box;-webkit-box-sizing: border-box;cursor: pointer;display: inline-block;font-family:sans-serif;text-align: center;user-select: none;background-color: #f21c3c;color: #fff;font-size: 14px;height: 44px;line-height: 44px;padding: 0px 40px;position: relative;z-index: 0;\" type=\"submit\" value=\"R\u00e9server\"> <script type=\"text\/javascript\" src=\"https:\/\/booking.yoplanning.pro\/integration\/script.js\" async><\/script>\n\n\n\n<p><\/p>\n","protected":false},"excerpt":{"rendered":"<p>Vivez votre plus belle aventure Lors de votre bapt\u00eame en chiens de traineau, vous d\u00e9couvrez notre \u00ab\u00a0Alaska Auvergnat\u00a0\u00bb. Oubliez le tour de man\u00e8ge en centre station, \u00c9vasion Super Besse vous propose une randonn\u00e9e authentique \u00e0 l&rsquo;\u00e9cart de la civilisation. Un lieu magique pour Vous, notre Musher et sa meute. Informations pratiques Quelles sont vos disponibilit\u00e9s&hellip;&nbsp;<a href=\"https:\/\/www.evasion-superbesse.fr\/index.php\/chiens-traineau\/\" class=\"\" rel=\"bookmark\">Lire la suite &raquo;<span class=\"screen-reader-text\">Chiens de tra\u00eeneau<\/span><\/a><\/p>\n","protected":false},"author":1,"featured_media":0,"parent":0,"menu_order":0,"comment_status":"closed","ping_status":"closed","template":"","meta":{"neve_meta_sidebar":"","neve_meta_container":"","neve_meta_enable_content_width":"","neve_meta_content_width":0,"neve_meta_title_alignment":"","neve_meta_author_avatar":"","neve_post_elements_order":"","neve_meta_disable_header":"","neve_meta_disable_footer":"","neve_meta_disable_title":"","_ti_tpc_template_sync":false,"_ti_tpc_template_id":"","footnotes":""},"class_list":["post-2","page","type-page","status-publish","hentry"],"yoast_head":"<!-- This site is optimized with the Yoast SEO plugin v25.2 - https:\/\/yoast.com\/wordpress\/plugins\/seo\/ -->\n<title>Chiens de tra\u00eeneau - Super Besse<\/title>\n<meta name=\"description\" content=\"Venez d\u00e9couvrir le chien de traineau dans un cadre exceptionnel et d\u00e9paysent. \u00c9motions garanties pour petits et grands !\" \/>\n<meta name=\"robots\" content=\"index, follow, max-snippet:-1, max-image-preview:large, max-video-preview:-1\" \/>\n<link rel=\"canonical\" href=\"https:\/\/www.evasion-superbesse.fr\/index.php\/chiens-traineau\/\" \/>\n<meta property=\"og:locale\" content=\"fr_FR\" \/>\n<meta property=\"og:type\" content=\"article\" \/>\n<meta property=\"og:title\" content=\"Chiens de tra\u00eeneau - Super Besse\" \/>\n<meta property=\"og:description\" content=\"Venez d\u00e9couvrir le chien de traineau dans un cadre exceptionnel et d\u00e9paysent. \u00c9motions garanties pour petits et grands !\" \/>\n<meta property=\"og:url\" content=\"https:\/\/www.evasion-superbesse.fr\/index.php\/chiens-traineau\/\" \/>\n<meta property=\"og:site_name\" content=\"WordPress\" \/>\n<meta property=\"article:publisher\" content=\"https:\/\/www.facebook.com\/people\/Evasion-Super-Besse\/100085144856496\/\" \/>\n<meta property=\"article:modified_time\" content=\"2026-01-02T12:38:21+00:00\" \/>\n<meta property=\"og:image\" content=\"https:\/\/www.evasion-superbesse.fr\/wp-content\/uploads\/2025\/09\/CDT-2025.jpg\" \/>\n\t<meta property=\"og:image:width\" content=\"1503\" \/>\n\t<meta property=\"og:image:height\" content=\"997\" \/>\n\t<meta property=\"og:image:type\" content=\"image\/jpeg\" \/>\n<meta name=\"twitter:card\" content=\"summary_large_image\" \/>\n<meta name=\"twitter:label1\" content=\"Dur\u00e9e de lecture estim\u00e9e\" \/>\n\t<meta name=\"twitter:data1\" content=\"3 minutes\" \/>\n<script type=\"application\/ld+json\" class=\"yoast-schema-graph\">{\"@context\":\"https:\/\/schema.org\",\"@graph\":[{\"@type\":\"WebPage\",\"@id\":\"https:\/\/www.evasion-superbesse.fr\/index.php\/chiens-traineau\/\",\"url\":\"https:\/\/www.evasion-superbesse.fr\/index.php\/chiens-traineau\/\",\"name\":\"Chiens de tra\u00eeneau - Super Besse\",\"isPartOf\":{\"@id\":\"https:\/\/www.evasion-superbesse.fr\/#website\"},\"primaryImageOfPage\":{\"@id\":\"https:\/\/www.evasion-superbesse.fr\/index.php\/chiens-traineau\/#primaryimage\"},\"image\":{\"@id\":\"https:\/\/www.evasion-superbesse.fr\/index.php\/chiens-traineau\/#primaryimage\"},\"thumbnailUrl\":\"https:\/\/www.evasion-superbesse.fr\/wp-content\/uploads\/2025\/09\/CDT-2025-1024x679.jpg\",\"datePublished\":\"2022-09-07T11:48:20+00:00\",\"dateModified\":\"2026-01-02T12:38:21+00:00\",\"description\":\"Venez d\u00e9couvrir le chien de traineau dans un cadre exceptionnel et d\u00e9paysent. \u00c9motions garanties pour petits et grands !\",\"breadcrumb\":{\"@id\":\"https:\/\/www.evasion-superbesse.fr\/index.php\/chiens-traineau\/#breadcrumb\"},\"inLanguage\":\"fr-FR\",\"potentialAction\":[{\"@type\":\"ReadAction\",\"target\":[\"https:\/\/www.evasion-superbesse.fr\/index.php\/chiens-traineau\/\"]}]},{\"@type\":\"ImageObject\",\"inLanguage\":\"fr-FR\",\"@id\":\"https:\/\/www.evasion-superbesse.fr\/index.php\/chiens-traineau\/#primaryimage\",\"url\":\"https:\/\/www.evasion-superbesse.fr\/wp-content\/uploads\/2025\/09\/CDT-2025.jpg\",\"contentUrl\":\"https:\/\/www.evasion-superbesse.fr\/wp-content\/uploads\/2025\/09\/CDT-2025.jpg\",\"width\":1503,\"height\":997},{\"@type\":\"BreadcrumbList\",\"@id\":\"https:\/\/www.evasion-superbesse.fr\/index.php\/chiens-traineau\/#breadcrumb\",\"itemListElement\":[{\"@type\":\"ListItem\",\"position\":1,\"name\":\"Accueil\",\"item\":\"https:\/\/www.evasion-superbesse.fr\/\"},{\"@type\":\"ListItem\",\"position\":2,\"name\":\"Chiens de tra\u00eeneau\"}]},{\"@type\":\"WebSite\",\"@id\":\"https:\/\/www.evasion-superbesse.fr\/#website\",\"url\":\"https:\/\/www.evasion-superbesse.fr\/\",\"name\":\"WordPress\",\"description\":\"Un site utilisant WordPress\",\"publisher\":{\"@id\":\"https:\/\/www.evasion-superbesse.fr\/#organization\"},\"potentialAction\":[{\"@type\":\"SearchAction\",\"target\":{\"@type\":\"EntryPoint\",\"urlTemplate\":\"https:\/\/www.evasion-superbesse.fr\/?s={search_term_string}\"},\"query-input\":{\"@type\":\"PropertyValueSpecification\",\"valueRequired\":true,\"valueName\":\"search_term_string\"}}],\"inLanguage\":\"fr-FR\"},{\"@type\":\"Organization\",\"@id\":\"https:\/\/www.evasion-superbesse.fr\/#organization\",\"name\":\"Evasion Super Besse\",\"url\":\"https:\/\/www.evasion-superbesse.fr\/\",\"logo\":{\"@type\":\"ImageObject\",\"inLanguage\":\"fr-FR\",\"@id\":\"https:\/\/www.evasion-superbesse.fr\/#\/schema\/logo\/image\/\",\"url\":\"http:\/\/www.evasion-superbesse.fr\/wp-content\/uploads\/2022\/09\/demie-sphere-logo-evasion.png\",\"contentUrl\":\"http:\/\/www.evasion-superbesse.fr\/wp-content\/uploads\/2022\/09\/demie-sphere-logo-evasion.png\",\"width\":2766,\"height\":1689,\"caption\":\"Evasion Super Besse\"},\"image\":{\"@id\":\"https:\/\/www.evasion-superbesse.fr\/#\/schema\/logo\/image\/\"},\"sameAs\":[\"https:\/\/www.facebook.com\/people\/Evasion-Super-Besse\/100085144856496\/\"]}]}<\/script>\n<!-- \/ Yoast SEO plugin. -->","yoast_head_json":{"title":"Chiens de tra\u00eeneau - Super Besse","description":"Venez d\u00e9couvrir le chien de traineau dans un cadre exceptionnel et d\u00e9paysent. \u00c9motions garanties pour petits et grands !","robots":{"index":"index","follow":"follow","max-snippet":"max-snippet:-1","max-image-preview":"max-image-preview:large","max-video-preview":"max-video-preview:-1"},"canonical":"https:\/\/www.evasion-superbesse.fr\/index.php\/chiens-traineau\/","og_locale":"fr_FR","og_type":"article","og_title":"Chiens de tra\u00eeneau - Super Besse","og_description":"Venez d\u00e9couvrir le chien de traineau dans un cadre exceptionnel et d\u00e9paysent. \u00c9motions garanties pour petits et grands !","og_url":"https:\/\/www.evasion-superbesse.fr\/index.php\/chiens-traineau\/","og_site_name":"WordPress","article_publisher":"https:\/\/www.facebook.com\/people\/Evasion-Super-Besse\/100085144856496\/","article_modified_time":"2026-01-02T12:38:21+00:00","og_image":[{"width":1503,"height":997,"url":"https:\/\/www.evasion-superbesse.fr\/wp-content\/uploads\/2025\/09\/CDT-2025.jpg","type":"image\/jpeg"}],"twitter_card":"summary_large_image","twitter_misc":{"Dur\u00e9e de lecture estim\u00e9e":"3 minutes"},"schema":{"@context":"https:\/\/schema.org","@graph":[{"@type":"WebPage","@id":"https:\/\/www.evasion-superbesse.fr\/index.php\/chiens-traineau\/","url":"https:\/\/www.evasion-superbesse.fr\/index.php\/chiens-traineau\/","name":"Chiens de tra\u00eeneau - Super Besse","isPartOf":{"@id":"https:\/\/www.evasion-superbesse.fr\/#website"},"primaryImageOfPage":{"@id":"https:\/\/www.evasion-superbesse.fr\/index.php\/chiens-traineau\/#primaryimage"},"image":{"@id":"https:\/\/www.evasion-superbesse.fr\/index.php\/chiens-traineau\/#primaryimage"},"thumbnailUrl":"https:\/\/www.evasion-superbesse.fr\/wp-content\/uploads\/2025\/09\/CDT-2025-1024x679.jpg","datePublished":"2022-09-07T11:48:20+00:00","dateModified":"2026-01-02T12:38:21+00:00","description":"Venez d\u00e9couvrir le chien de traineau dans un cadre exceptionnel et d\u00e9paysent. \u00c9motions garanties pour petits et grands !","breadcrumb":{"@id":"https:\/\/www.evasion-superbesse.fr\/index.php\/chiens-traineau\/#breadcrumb"},"inLanguage":"fr-FR","potentialAction":[{"@type":"ReadAction","target":["https:\/\/www.evasion-superbesse.fr\/index.php\/chiens-traineau\/"]}]},{"@type":"ImageObject","inLanguage":"fr-FR","@id":"https:\/\/www.evasion-superbesse.fr\/index.php\/chiens-traineau\/#primaryimage","url":"https:\/\/www.evasion-superbesse.fr\/wp-content\/uploads\/2025\/09\/CDT-2025.jpg","contentUrl":"https:\/\/www.evasion-superbesse.fr\/wp-content\/uploads\/2025\/09\/CDT-2025.jpg","width":1503,"height":997},{"@type":"BreadcrumbList","@id":"https:\/\/www.evasion-superbesse.fr\/index.php\/chiens-traineau\/#breadcrumb","itemListElement":[{"@type":"ListItem","position":1,"name":"Accueil","item":"https:\/\/www.evasion-superbesse.fr\/"},{"@type":"ListItem","position":2,"name":"Chiens de tra\u00eeneau"}]},{"@type":"WebSite","@id":"https:\/\/www.evasion-superbesse.fr\/#website","url":"https:\/\/www.evasion-superbesse.fr\/","name":"WordPress","description":"Un site utilisant WordPress","publisher":{"@id":"https:\/\/www.evasion-superbesse.fr\/#organization"},"potentialAction":[{"@type":"SearchAction","target":{"@type":"EntryPoint","urlTemplate":"https:\/\/www.evasion-superbesse.fr\/?s={search_term_string}"},"query-input":{"@type":"PropertyValueSpecification","valueRequired":true,"valueName":"search_term_string"}}],"inLanguage":"fr-FR"},{"@type":"Organization","@id":"https:\/\/www.evasion-superbesse.fr\/#organization","name":"Evasion Super Besse","url":"https:\/\/www.evasion-superbesse.fr\/","logo":{"@type":"ImageObject","inLanguage":"fr-FR","@id":"https:\/\/www.evasion-superbesse.fr\/#\/schema\/logo\/image\/","url":"http:\/\/www.evasion-superbesse.fr\/wp-content\/uploads\/2022\/09\/demie-sphere-logo-evasion.png","contentUrl":"http:\/\/www.evasion-superbesse.fr\/wp-content\/uploads\/2022\/09\/demie-sphere-logo-evasion.png","width":2766,"height":1689,"caption":"Evasion Super Besse"},"image":{"@id":"https:\/\/www.evasion-superbesse.fr\/#\/schema\/logo\/image\/"},"sameAs":["https:\/\/www.facebook.com\/people\/Evasion-Super-Besse\/100085144856496\/"]}]}},"_links":{"self":[{"href":"https:\/\/www.evasion-superbesse.fr\/index.php\/wp-json\/wp\/v2\/pages\/2","targetHints":{"allow":["GET"]}}],"collection":[{"href":"https:\/\/www.evasion-superbesse.fr\/index.php\/wp-json\/wp\/v2\/pages"}],"about":[{"href":"https:\/\/www.evasion-superbesse.fr\/index.php\/wp-json\/wp\/v2\/types\/page"}],"author":[{"embeddable":true,"href":"https:\/\/www.evasion-superbesse.fr\/index.php\/wp-json\/wp\/v2\/users\/1"}],"replies":[{"embeddable":true,"href":"https:\/\/www.evasion-superbesse.fr\/index.php\/wp-json\/wp\/v2\/comments?post=2"}],"version-history":[{"count":34,"href":"https:\/\/www.evasion-superbesse.fr\/index.php\/wp-json\/wp\/v2\/pages\/2\/revisions"}],"predecessor-version":[{"id":626,"href":"https:\/\/www.evasion-superbesse.fr\/index.php\/wp-json\/wp\/v2\/pages\/2\/revisions\/626"}],"wp:attachment":[{"href":"https:\/\/www.evasion-superbesse.fr\/index.php\/wp-json\/wp\/v2\/media?parent=2"}],"curies":[{"name":"wp","href":"https:\/\/api.w.org\/{rel}","templated":true}]}}